{"id":3961,"date":"2023-10-11T09:13:11","date_gmt":"2023-10-11T07:13:11","guid":{"rendered":"https:\/\/www.spora.es\/aviso-legal-2\/"},"modified":"2024-01-16T11:22:06","modified_gmt":"2024-01-16T09:22:06","slug":"aviso-legal-2","status":"publish","type":"page","link":"https:\/\/www.spora.es\/es\/aviso-legal-2\/","title":{"rendered":"Aviso legal"},"content":{"rendered":"<p>[et_pb_section fb_built=\u00bb1&#8243; _builder_version=\u00bb4.22.1&#8243; _module_preset=\u00bbdefault\u00bb global_colors_info=\u00bb{}\u00bb][et_pb_row _builder_version=\u00bb4.22.1&#8243; _module_preset=\u00bbdefault\u00bb global_colors_info=\u00bb{}\u00bb custom_margin=\u00bb|auto||100px||\u00bb][et_pb_column type=\u00bb4_4&#8243; _builder_version=\u00bb4.22.1&#8243; _module_preset=\u00bbdefault\u00bb global_colors_info=\u00bb{}\u00bb][et_pb_text _builder_version=\u00bb4.22.2&#8243; _module_preset=\u00bbdefault\u00bb hover_enabled=\u00bb0&#8243; global_colors_info=\u00bb{}\u00bb header_2_font=\u00bbCy Text Bold||||||||\u00bb sticky_enabled=\u00bb0&#8243;]<\/p>\n<h2>Aviso Legal<\/h2>\n<p>[\/et_pb_text][et_pb_text _builder_version=\u00bb4.22.2&#8243; _module_preset=\u00bbdefault\u00bb global_colors_info=\u00bb{}\u00bb]<\/p>\n<p>Este aviso legal (en adelante, \u201cel <strong>Aviso legal<\/strong>\u201d) rige el acceso y la utilizaci\u00f3n del sitio web accesible a trav\u00e9s del nombre de dominio www.spora.es y sus subdominios (en adelante, \u201cel <strong>Sitio Web<\/strong>). El simple acceso al Sitio Web atribuye a quien lo realiza la condici\u00f3n de usuario del mismo (en adelante, \u201cel <strong>Usuario<\/strong>\u201d). En caso de no estar de acuerdo con este Aviso legal, el Usuario debe abandonar inmediatamente el Sitio Web sin utilizarlo.<\/p>\n<p>Por medio de la aceptaci\u00f3n de este Aviso legal el Usuario manifiesta:<\/p>\n<ol>\n<li>Que ha le\u00eddo, entiende y acepta lo aqu\u00ed expuesto.<\/li>\n<li>Que es mayor de edad.<\/li>\n<\/ol>\n<p>[\/et_pb_text][et_pb_text _builder_version=\u00bb4.22.2&#8243; _module_preset=\u00bbdefault\u00bb hover_enabled=\u00bb0&#8243; global_colors_info=\u00bb{}\u00bb sticky_enabled=\u00bb0&#8243;]<\/p>\n<h3><strong>1. <\/strong><strong>Informaci\u00f3n general del Sitio Web<\/strong><\/h3>\n<p>A continuaci\u00f3n se ofrece la informaci\u00f3n general del Sitio Web:<\/p>\n<p><strong>Titular:<\/strong> SPORA CONSULTOR\u00cdA Y COMUNICACI\u00d3N, S.L. (en adelante referido por su nombre comercial, \u201c<strong>SPORA<\/strong>\u201d).<\/p>\n<p><strong>Domicilio social:<\/strong> Passeig dels Pa\u00efsos Catalans, 158, C.P. 17190 \u2013 Salt (Girona).<\/p>\n<p><strong>N.I.F.:<\/strong> B17770975<\/p>\n<p><strong>E-mail: <\/strong><a href=\"mailto:spora@spora.es\">spora@spora.es<\/a><\/p>\n<p><strong>Tel\u00e9fono: <\/strong>+34 972 41 71 14<\/p>\n<p><strong>Datos registrales: <\/strong>Inscrita en el Registro Mercantil de Girona, tomo 2025, folio 53, hoja GI-33806.<\/p>\n<p>[\/et_pb_text][et_pb_text _builder_version=\u00bb4.22.2&#8243; _module_preset=\u00bbdefault\u00bb hover_enabled=\u00bb0&#8243; global_colors_info=\u00bb{}\u00bb sticky_enabled=\u00bb0&#8243;]<\/p>\n<h3><strong>2. <\/strong><strong>Acceso al Sitio Web<\/strong><\/h3>\n<p>El simple acceso al Sitio Web es gratuito salvo en lo relativo al coste de la conexi\u00f3n a trav\u00e9s de la red de telecomunicaciones suministrada por el proveedor de acceso contratado por el Usuario.<\/p>\n<p>[\/et_pb_text][et_pb_text _builder_version=\u00bb4.22.2&#8243; _module_preset=\u00bbdefault\u00bb hover_enabled=\u00bb0&#8243; global_colors_info=\u00bb{}\u00bb sticky_enabled=\u00bb0&#8243;]<\/p>\n<h3><strong>3. Contenidos y servicios enlazados a trav\u00e9s del Sitio Web<\/strong><\/h3>\n<p>El Sitio Web puede contener dispositivos t\u00e9cnicos de enlace, directorios e incluso instrumentos de b\u00fasqueda que permitan al Usuario acceder a otras p\u00e1ginas y portales de Internet (en adelante, \u201c<strong>Sitios Enlazados<\/strong>\u201d). En estos casos, SPORA s\u00f3lo ser\u00e1 responsable de los contenidos y servicios suministrados en los Sitios Enlazados en la medida en que tenga conocimiento efectivo de su ilicitud y no haya desactivado el enlace a los mismos con la diligencia debida. En el supuesto de que el Usuario considere que existe un Sitio Enlazado con contenidos il\u00edcitos o inadecuados, puede comunicarlo a SPORA.<\/p>\n<p>En ning\u00fan caso la existencia de Sitios Enlazados debe presuponer la formalizaci\u00f3n de acuerdos entre SPORA y los responsables o titulares de los mismos, as\u00ed como tampoco la recomendaci\u00f3n o promoci\u00f3n de los Sitios Enlazados y\/o sus contenidos por parte de SPORA. A menos que se indique expresamente lo contrario en el Sitio Web, SPORA no conoce los contenidos y servicios de los Sitios Enlazados y, por tanto, no se hace responsable por los da\u00f1os y perjuicios que \u00e9stos puedan producir al Usuario o a cualquier tercero.<\/p>\n<p>[\/et_pb_text][et_pb_text _builder_version=\u00bb4.22.2&#8243; _module_preset=\u00bbdefault\u00bb hover_enabled=\u00bb0&#8243; global_colors_info=\u00bb{}\u00bb sticky_enabled=\u00bb0&#8243;]<\/p>\n<h3><strong>4. <\/strong><strong>Propiedad intelectual e industrial<\/strong><\/h3>\n<p>Todos los contenidos del Sitio Web entendiendo por \u00e9stos, a t\u00edtulo meramente enunciativo pero no exhaustivo, los textos, fotograf\u00edas, gr\u00e1ficos, im\u00e1genes, iconos, tecnolog\u00eda, software, links y dem\u00e1s contenidos audiovisuales o sonoros, as\u00ed como su dise\u00f1o gr\u00e1fico y c\u00f3digos fuente, son propiedad intelectual de SPORA o de terceros licenciadores, sin que puedan entenderse cedidos al Usuario ninguno de los derechos de explotaci\u00f3n reconocidos por la normativa vigente en materia de propiedad intelectual sobre los mismos.<\/p>\n<p>Las marcas, nombres comerciales y dem\u00e1s signos distintivos publicados en el Sitio Web son titularidad de SPORA o de terceros cedentes y\/o licenciadores, sin que pueda entenderse cedido al Usuario ning\u00fan derecho sobre los mismos.<\/p>\n<p>[\/et_pb_text][et_pb_text _builder_version=\u00bb4.22.2&#8243; _module_preset=\u00bbdefault\u00bb hover_enabled=\u00bb0&#8243; global_colors_info=\u00bb{}\u00bb sticky_enabled=\u00bb0&#8243;]<\/p>\n<h3><strong>5. Quejas, reclamaciones y solicitudes de informaci\u00f3n<\/strong><\/h3>\n<p>El Usuario puede dirigir sus quejas, reclamaciones y\/o solicitudes de informaci\u00f3n a SPORA, utilizando para ello cualquiera de las siguientes v\u00edas:<\/p>\n<ol>\n<li>Enviando un escrito a Passeig dels Pa\u00efsos Catalans, 158, C.P. 17190 \u2013 Salt (Girona).<\/li>\n<li>Enviando un correo electr\u00f3nico a la direcci\u00f3n <a href=\"mailto:spora@spora.es\">spora@spora.es<\/a>.<\/li>\n<li>Llamando al tel\u00e9fono +34 972 41 71 14 en horario de 09:00 a 17:00h, de lunes a viernes, excepto festivos.<\/li>\n<\/ol>\n<p>[\/et_pb_text][et_pb_text _builder_version=\u00bb4.22.2&#8243; _module_preset=\u00bbdefault\u00bb hover_enabled=\u00bb0&#8243; global_colors_info=\u00bb{}\u00bb sticky_enabled=\u00bb0&#8243;]<\/p>\n<h3><strong>6. <\/strong><strong>Nulidad e ineficacia de las cl\u00e1usulas<\/strong><\/h3>\n<p>Si cualquier cl\u00e1usula incluida en este Aviso legal fuese declarada total o parcialmente nula o ineficaz, tal nulidad o ineficacia tan s\u00f3lo afectar\u00e1 a dicha disposici\u00f3n o a la parte de la misma que resulte nula o ineficaz, subsistiendo este Aviso legal en todo lo dem\u00e1s y consider\u00e1ndose tal disposici\u00f3n total o parcialmente por no incluida.<\/p>\n<p>[\/et_pb_text][et_pb_text _builder_version=\u00bb4.22.2&#8243; _module_preset=\u00bbdefault\u00bb hover_enabled=\u00bb0&#8243; global_colors_info=\u00bb{}\u00bb sticky_enabled=\u00bb0&#8243;]<\/p>\n<h3><strong>7. <\/strong><strong>Legislaci\u00f3n aplicable<\/strong><\/h3>\n<p>Este Aviso legal se regir\u00e1 e interpretar\u00e1 conforme a la legislaci\u00f3n espa\u00f1ola.<\/p>\n<p>[\/et_pb_text][\/et_pb_column][\/et_pb_row][\/et_pb_section]<\/p>\n","protected":false},"excerpt":{"rendered":"<p>Aviso legal de la web de Spora.es<\/p>\n","protected":false},"author":2,"featured_media":18,"parent":0,"menu_order":58,"comment_status":"closed","ping_status":"closed","template":"","meta":{"_et_pb_use_builder":"on","_et_pb_old_content":"","_et_gb_content_width":"","content-type":"","footnotes":""},"class_list":["post-3961","page","type-page","status-publish","has-post-thumbnail","hentry"],"_links":{"self":[{"href":"https:\/\/www.spora.es\/es\/wp-json\/wp\/v2\/pages\/3961","targetHints":{"allow":["GET"]}}],"collection":[{"href":"https:\/\/www.spora.es\/es\/wp-json\/wp\/v2\/pages"}],"about":[{"href":"https:\/\/www.spora.es\/es\/wp-json\/wp\/v2\/types\/page"}],"author":[{"embeddable":true,"href":"https:\/\/www.spora.es\/es\/wp-json\/wp\/v2\/users\/2"}],"replies":[{"embeddable":true,"href":"https:\/\/www.spora.es\/es\/wp-json\/wp\/v2\/comments?post=3961"}],"version-history":[{"count":6,"href":"https:\/\/www.spora.es\/es\/wp-json\/wp\/v2\/pages\/3961\/revisions"}],"predecessor-version":[{"id":4653,"href":"https:\/\/www.spora.es\/es\/wp-json\/wp\/v2\/pages\/3961\/revisions\/4653"}],"wp:featuredmedia":[{"embeddable":true,"href":"https:\/\/www.spora.es\/es\/wp-json\/wp\/v2\/media\/18"}],"wp:attachment":[{"href":"https:\/\/www.spora.es\/es\/wp-json\/wp\/v2\/media?parent=3961"}],"curies":[{"name":"wp","href":"https:\/\/api.w.org\/{rel}","templated":true}]}}